{"id":5962,"date":"2022-07-06T13:10:36","date_gmt":"2022-07-06T13:10:36","guid":{"rendered":"https:\/\/digitalvision-it.de\/?page_id=5962"},"modified":"2023-04-18T21:49:01","modified_gmt":"2023-04-18T21:49:01","slug":"privacy-policy","status":"publish","type":"page","link":"https:\/\/digitalvision-it.de\/de\/privacy-policy\/","title":{"rendered":"Impressum"},"content":{"rendered":"<div data-elementor-type=\"wp-page\" data-elementor-id=\"5962\" class=\"elementor elementor-5962\">\n\t\t\t\t\t\t<section class=\"elementor-section elementor-top-section elementor-element elementor-element-e2c6523 elementor-section-height-min-height elementor-section-boxed elementor-section-height-default elementor-section-items-middle\" data-id=\"e2c6523\" data-element_type=\"section\" data-e-type=\"section\">\n\t\t\t\t\t\t<div class=\"elementor-container elementor-column-gap-default\">\n\t\t\t\t\t<div class=\"elementor-column elementor-col-100 elementor-top-column elementor-element elementor-element-f2b45f9\" data-id=\"f2b45f9\" data-element_type=\"column\" data-e-type=\"column\">\n\t\t\t<div class=\"elementor-widget-wrap elementor-element-populated\">\n\t\t\t\t\t\t<div class=\"elementor-element elementor-element-2505326 elementor-widget elementor-widget-heading\" data-id=\"2505326\" data-element_type=\"widget\" data-e-type=\"widget\" data-widget_type=\"heading.default\">\n\t\t\t\t<div class=\"elementor-widget-container\">\n\t\t\t\t\t<h2 class=\"elementor-heading-title elementor-size-default\">Impressum<\/h2>\t\t\t\t<\/div>\n\t\t\t\t<\/div>\n\t\t\t\t<div class=\"elementor-element elementor-element-3a1d1f5 elementor-widget elementor-widget-text-editor\" data-id=\"3a1d1f5\" data-element_type=\"widget\" data-e-type=\"widget\" data-widget_type=\"text-editor.default\">\n\t\t\t\t<div class=\"elementor-widget-container\">\n\t\t\t\t\t\t\t\t\t<p>DIGITALVISION-IT GmbH &amp; Co. KG<\/p><p>Krischerstr. 6b<\/p><p>40789 Monheim am Rhein<\/p><p>Telefon: +49 (0) 2173 265 082-0<\/p><p>E-Mail: info@digitalvision-it.de<\/p><p>\u00a0<\/p><p>Amtsgericht D\u00fcsseldorf HRA 27274<\/p><p>\u00a0<\/p><p>Pers\u00f6nlich haftende Gesellschafterin:<\/p><p>AVES Investment GmbH<\/p><p>Sitz Monheim am Rhein<\/p><p>Amtsgericht D\u00fcsseldorf HRB 89344<\/p><p>Gesch\u00e4ftsf\u00fchrung: Martin Nett<\/p><p>\u00a0<\/p><p>Nutzungsbedinungen der Webseite:<\/p><p><br \/>Haftung f\u00fcr Inhalte<br \/>Als Diensteanbieter sind wir gem\u00e4\u00df \u00a7 7 Abs.1 TMG f\u00fcr eigene Inhalte auf diesen Seiten nach den allgemeinen Gesetzen verantwortlich. Nach \u00a7\u00a7 8 bis 10 TMG sind wir als Diensteanbieter jedoch nicht verpflichtet, \u00fcbermittelte oder gespeicherte fremde Informationen zu \u00fcberwachen oder nach Umst\u00e4nden zu forschen, die auf eine rechtswidrige T\u00e4tigkeit hinweisen.<\/p><p>Verpflichtungen zur Entfernung oder Sperrung der Nutzung von Informationen nach den allgemeinen Gesetzen bleiben hiervon unber\u00fchrt. Eine diesbez\u00fcgliche Haftung ist jedoch erst ab dem Zeitpunkt der Kenntnis einer konkreten Rechtsverletzung m\u00f6glich. Bei Bekanntwerden von entsprechenden Rechtsverletzungen werden wir diese Inhalte umgehend entfernen.<\/p><p>Haftung f\u00fcr Links<br \/>Unser Angebot enth\u00e4lt Links zu externen Webseiten Dritter, auf deren Inhalte wir keinen Einfluss haben. Deshalb k\u00f6nnen wir f\u00fcr diese fremden Inhalte auch keine Gew\u00e4hr \u00fcbernehmen. F\u00fcr die Inhalte der verlinkten Seiten ist stets der jeweilige Anbieter oder Betreiber der Seiten verantwortlich. Die verlinkten Seiten wurden zum Zeitpunkt der Verlinkung auf m\u00f6gliche Rechtsverst\u00f6\u00dfe \u00fcberpr\u00fcft. Rechtswidrige Inhalte waren zum Zeitpunkt der Verlinkung nicht erkennbar.<\/p><p>Eine permanente inhaltliche Kontrolle der verlinkten Seiten ist jedoch ohne konkrete Anhaltspunkte einer Rechtsverletzung nicht zumutbar. Bei Bekanntwerden von Rechtsverletzungen werden wir derartige Links umgehend entfernen.<\/p><p>Urheberrecht<br \/>Die durch die Seitenbetreiber erstellten Inhalte und Werke auf diesen Seiten unterliegen dem deutschen Urheberrecht. Die Vervielf\u00e4ltigung, Bearbeitung, Verbreitung und jede Art der Verwertung au\u00dferhalb der Grenzen des Urheberrechtes bed\u00fcrfen der schriftlichen Zustimmung des jeweiligen Autors bzw. Erstellers. Downloads und Kopien dieser Seite sind nur f\u00fcr den privaten, nicht kommerziellen Gebrauch gestattet.<\/p><p>Soweit die Inhalte auf dieser Seite nicht vom Betreiber erstellt wurden, werden die Urheberrechte Dritter beachtet. Insbesondere werden Inhalte Dritter als solche gekennzeichnet. Sollten Sie trotzdem auf eine Urheberrechtsverletzung aufmerksam werden, bitten wir um einen entsprechenden Hinweis. Bei Bekanntwerden von Rechtsverletzungen werden wir derartige Inhalte umgehend entfernen.<\/p>\t\t\t\t\t\t\t\t<\/div>\n\t\t\t\t<\/div>\n\t\t\t\t\t<\/div>\n\t\t<\/div>\n\t\t\t\t\t<\/div>\n\t\t<\/section>\n\t\t\t\t<\/div>","protected":false},"excerpt":{"rendered":"<p>Privat Policy DIGITALVISION-IT GmbH &amp; Co. KG Krischerstr. 6b 40789 Monheim am Rhein Telefon: +49 (0) 2173 265 082-0 E-Mail: info@digitalvision-it.de \u00a0 Amtsgericht D\u00fcsseldorf HRA 27274 \u00a0 Pers\u00f6nlich haftende Gesellschafterin: AVES Investment GmbH Sitz Monheim am Rhein Amtsgericht D\u00fcsseldorf HRB 89344 Gesch\u00e4ftsf\u00fchrung: Martin Nett \u00a0 Nutzungsbedinungen der Webseite: Haftung f\u00fcr InhalteAls Diensteanbieter sind wir gem\u00e4\u00df [&hellip;]<\/p>\n","protected":false},"author":1,"featured_media":0,"parent":0,"menu_order":0,"comment_status":"closed","ping_status":"closed","template":"","meta":{"footnotes":""},"class_list":["post-5962","page","type-page","status-publish","hentry"],"yoast_head":"<!-- This site is optimized with the Yoast SEO plugin v27.3 - https:\/\/yoast.com\/product\/yoast-seo-wordpress\/ -->\n<title>Privacy Policy - Digital Vision IT<\/title>\n<meta name=\"robots\" content=\"index, follow, max-snippet:-1, max-image-preview:large, max-video-preview:-1\" \/>\n<link rel=\"canonical\" href=\"https:\/\/digitalvision-it.de\/de\/privacy-policy\/\" \/>\n<meta property=\"og:locale\" content=\"de_DE\" \/>\n<meta property=\"og:type\" content=\"article\" \/>\n<meta property=\"og:title\" content=\"Privacy Policy - Digital Vision IT\" \/>\n<meta property=\"og:description\" content=\"Privat Policy DIGITALVISION-IT GmbH &amp; Co. KG Krischerstr. 6b 40789 Monheim am Rhein Telefon: +49 (0) 2173 265 082-0 E-Mail: info@digitalvision-it.de \u00a0 Amtsgericht D\u00fcsseldorf HRA 27274 \u00a0 Pers\u00f6nlich haftende Gesellschafterin: AVES Investment GmbH Sitz Monheim am Rhein Amtsgericht D\u00fcsseldorf HRB 89344 Gesch\u00e4ftsf\u00fchrung: Martin Nett \u00a0 Nutzungsbedinungen der Webseite: Haftung f\u00fcr InhalteAls Diensteanbieter sind wir gem\u00e4\u00df [&hellip;]\" \/>\n<meta property=\"og:url\" content=\"https:\/\/digitalvision-it.de\/de\/privacy-policy\/\" \/>\n<meta property=\"og:site_name\" content=\"Digital Vision IT\" \/>\n<meta property=\"article:modified_time\" content=\"2023-04-18T21:49:01+00:00\" \/>\n<meta name=\"twitter:card\" content=\"summary_large_image\" \/>\n<meta name=\"twitter:label1\" content=\"Gesch\u00e4tzte Lesezeit\" \/>\n\t<meta name=\"twitter:data1\" content=\"2\u00a0Minuten\" \/>\n<script type=\"application\/ld+json\" class=\"yoast-schema-graph\">{\"@context\":\"https:\\\/\\\/schema.org\",\"@graph\":[{\"@type\":\"WebPage\",\"@id\":\"https:\\\/\\\/digitalvision-it.de\\\/privacy-policy\\\/\",\"url\":\"https:\\\/\\\/digitalvision-it.de\\\/privacy-policy\\\/\",\"name\":\"Privacy Policy - Digital Vision IT\",\"isPartOf\":{\"@id\":\"https:\\\/\\\/digitalvision-it.de\\\/#website\"},\"datePublished\":\"2022-07-06T13:10:36+00:00\",\"dateModified\":\"2023-04-18T21:49:01+00:00\",\"breadcrumb\":{\"@id\":\"https:\\\/\\\/digitalvision-it.de\\\/privacy-policy\\\/#breadcrumb\"},\"inLanguage\":\"de\",\"potentialAction\":[{\"@type\":\"ReadAction\",\"target\":[\"https:\\\/\\\/digitalvision-it.de\\\/privacy-policy\\\/\"]}]},{\"@type\":\"BreadcrumbList\",\"@id\":\"https:\\\/\\\/digitalvision-it.de\\\/privacy-policy\\\/#breadcrumb\",\"itemListElement\":[{\"@type\":\"ListItem\",\"position\":1,\"name\":\"Home\",\"item\":\"https:\\\/\\\/digitalvision-it.de\\\/\"},{\"@type\":\"ListItem\",\"position\":2,\"name\":\"Privacy Policy\"}]},{\"@type\":\"WebSite\",\"@id\":\"https:\\\/\\\/digitalvision-it.de\\\/#website\",\"url\":\"https:\\\/\\\/digitalvision-it.de\\\/\",\"name\":\"Digital Vision IT\",\"description\":\"IT consulting for over 15 years.\",\"publisher\":{\"@id\":\"https:\\\/\\\/digitalvision-it.de\\\/#organization\"},\"potentialAction\":[{\"@type\":\"SearchAction\",\"target\":{\"@type\":\"EntryPoint\",\"urlTemplate\":\"https:\\\/\\\/digitalvision-it.de\\\/?s={search_term_string}\"},\"query-input\":{\"@type\":\"PropertyValueSpecification\",\"valueRequired\":true,\"valueName\":\"search_term_string\"}}],\"inLanguage\":\"de\"},{\"@type\":\"Organization\",\"@id\":\"https:\\\/\\\/digitalvision-it.de\\\/#organization\",\"name\":\"Digital Vision IT\",\"url\":\"https:\\\/\\\/digitalvision-it.de\\\/\",\"logo\":{\"@type\":\"ImageObject\",\"inLanguage\":\"de\",\"@id\":\"https:\\\/\\\/digitalvision-it.de\\\/#\\\/schema\\\/logo\\\/image\\\/\",\"url\":\"https:\\\/\\\/digitalvision-it.de\\\/wp-content\\\/uploads\\\/2022\\\/06\\\/Blue-Modern-Digital-Tech-Innovation-Company-Logo2.png\",\"contentUrl\":\"https:\\\/\\\/digitalvision-it.de\\\/wp-content\\\/uploads\\\/2022\\\/06\\\/Blue-Modern-Digital-Tech-Innovation-Company-Logo2.png\",\"width\":350,\"height\":81,\"caption\":\"Digital Vision IT\"},\"image\":{\"@id\":\"https:\\\/\\\/digitalvision-it.de\\\/#\\\/schema\\\/logo\\\/image\\\/\"}}]}<\/script>\n<!-- \/ Yoast SEO plugin. -->","yoast_head_json":{"title":"Privacy Policy - Digital Vision IT","robots":{"index":"index","follow":"follow","max-snippet":"max-snippet:-1","max-image-preview":"max-image-preview:large","max-video-preview":"max-video-preview:-1"},"canonical":"https:\/\/digitalvision-it.de\/de\/privacy-policy\/","og_locale":"de_DE","og_type":"article","og_title":"Privacy Policy - Digital Vision IT","og_description":"Privat Policy DIGITALVISION-IT GmbH &amp; Co. KG Krischerstr. 6b 40789 Monheim am Rhein Telefon: +49 (0) 2173 265 082-0 E-Mail: info@digitalvision-it.de \u00a0 Amtsgericht D\u00fcsseldorf HRA 27274 \u00a0 Pers\u00f6nlich haftende Gesellschafterin: AVES Investment GmbH Sitz Monheim am Rhein Amtsgericht D\u00fcsseldorf HRB 89344 Gesch\u00e4ftsf\u00fchrung: Martin Nett \u00a0 Nutzungsbedinungen der Webseite: Haftung f\u00fcr InhalteAls Diensteanbieter sind wir gem\u00e4\u00df [&hellip;]","og_url":"https:\/\/digitalvision-it.de\/de\/privacy-policy\/","og_site_name":"Digital Vision IT","article_modified_time":"2023-04-18T21:49:01+00:00","twitter_card":"summary_large_image","twitter_misc":{"Gesch\u00e4tzte Lesezeit":"2\u00a0Minuten"},"schema":{"@context":"https:\/\/schema.org","@graph":[{"@type":"WebPage","@id":"https:\/\/digitalvision-it.de\/privacy-policy\/","url":"https:\/\/digitalvision-it.de\/privacy-policy\/","name":"Privacy Policy - Digital Vision IT","isPartOf":{"@id":"https:\/\/digitalvision-it.de\/#website"},"datePublished":"2022-07-06T13:10:36+00:00","dateModified":"2023-04-18T21:49:01+00:00","breadcrumb":{"@id":"https:\/\/digitalvision-it.de\/privacy-policy\/#breadcrumb"},"inLanguage":"de","potentialAction":[{"@type":"ReadAction","target":["https:\/\/digitalvision-it.de\/privacy-policy\/"]}]},{"@type":"BreadcrumbList","@id":"https:\/\/digitalvision-it.de\/privacy-policy\/#breadcrumb","itemListElement":[{"@type":"ListItem","position":1,"name":"Home","item":"https:\/\/digitalvision-it.de\/"},{"@type":"ListItem","position":2,"name":"Privacy Policy"}]},{"@type":"WebSite","@id":"https:\/\/digitalvision-it.de\/#website","url":"https:\/\/digitalvision-it.de\/","name":"Digital Vision IT","description":"IT consulting for over 15 years.","publisher":{"@id":"https:\/\/digitalvision-it.de\/#organization"},"potentialAction":[{"@type":"SearchAction","target":{"@type":"EntryPoint","urlTemplate":"https:\/\/digitalvision-it.de\/?s={search_term_string}"},"query-input":{"@type":"PropertyValueSpecification","valueRequired":true,"valueName":"search_term_string"}}],"inLanguage":"de"},{"@type":"Organization","@id":"https:\/\/digitalvision-it.de\/#organization","name":"Digital Vision IT","url":"https:\/\/digitalvision-it.de\/","logo":{"@type":"ImageObject","inLanguage":"de","@id":"https:\/\/digitalvision-it.de\/#\/schema\/logo\/image\/","url":"https:\/\/digitalvision-it.de\/wp-content\/uploads\/2022\/06\/Blue-Modern-Digital-Tech-Innovation-Company-Logo2.png","contentUrl":"https:\/\/digitalvision-it.de\/wp-content\/uploads\/2022\/06\/Blue-Modern-Digital-Tech-Innovation-Company-Logo2.png","width":350,"height":81,"caption":"Digital Vision IT"},"image":{"@id":"https:\/\/digitalvision-it.de\/#\/schema\/logo\/image\/"}}]}},"_links":{"self":[{"href":"https:\/\/digitalvision-it.de\/de\/wp-json\/wp\/v2\/pages\/5962","targetHints":{"allow":["GET"]}}],"collection":[{"href":"https:\/\/digitalvision-it.de\/de\/wp-json\/wp\/v2\/pages"}],"about":[{"href":"https:\/\/digitalvision-it.de\/de\/wp-json\/wp\/v2\/types\/page"}],"author":[{"embeddable":true,"href":"https:\/\/digitalvision-it.de\/de\/wp-json\/wp\/v2\/users\/1"}],"replies":[{"embeddable":true,"href":"https:\/\/digitalvision-it.de\/de\/wp-json\/wp\/v2\/comments?post=5962"}],"version-history":[{"count":16,"href":"https:\/\/digitalvision-it.de\/de\/wp-json\/wp\/v2\/pages\/5962\/revisions"}],"predecessor-version":[{"id":6065,"href":"https:\/\/digitalvision-it.de\/de\/wp-json\/wp\/v2\/pages\/5962\/revisions\/6065"}],"wp:attachment":[{"href":"https:\/\/digitalvision-it.de\/de\/wp-json\/wp\/v2\/media?parent=5962"}],"curies":[{"name":"wp","href":"https:\/\/api.w.org\/{rel}","templated":true}]}}