{"id":5939,"date":"2022-07-06T06:32:46","date_gmt":"2022-07-06T06:32:46","guid":{"rendered":"https:\/\/digitalvision-it.de\/?page_id=5939"},"modified":"2022-07-06T06:36:26","modified_gmt":"2022-07-06T06:36:26","slug":"databases","status":"publish","type":"page","link":"https:\/\/digitalvision-it.de\/de\/databases\/","title":{"rendered":"Datenbanken"},"content":{"rendered":"<div data-elementor-type=\"wp-page\" data-elementor-id=\"5939\" class=\"elementor elementor-5939\">\n\t\t\t\t\t\t<section class=\"elementor-section elementor-top-section elementor-element elementor-element-72ce7cdc elementor-section-boxed elementor-section-height-default elementor-section-height-default\" data-id=\"72ce7cdc\" data-element_type=\"section\" data-e-type=\"section\">\n\t\t\t\t\t\t<div class=\"elementor-container elementor-column-gap-default\">\n\t\t\t\t\t<div class=\"elementor-column elementor-col-50 elementor-top-column elementor-element elementor-element-2e3c41ba\" data-id=\"2e3c41ba\" data-element_type=\"column\" data-e-type=\"column\">\n\t\t\t<div class=\"elementor-widget-wrap elementor-element-populated\">\n\t\t\t\t\t\t<div class=\"elementor-element elementor-element-47d82c67 elementor-widget elementor-widget-wp-widget-nav_menu\" data-id=\"47d82c67\" data-element_type=\"widget\" data-e-type=\"widget\" data-widget_type=\"wp-widget-nav_menu.default\">\n\t\t\t\t<div class=\"elementor-widget-container\">\n\t\t\t\t\t<div class=\"menu-service-container\"><ul id=\"menu-service\" class=\"menu\"><li id=\"menu-item-5690\" class=\"menu-item menu-item-type-post_type menu-item-object-page menu-item-5690\"><a href=\"https:\/\/digitalvision-it.de\/de\/service\/\">DevOps<\/a><\/li>\n<li id=\"menu-item-5909\" class=\"menu-item menu-item-type-post_type menu-item-object-page menu-item-5909\"><a href=\"https:\/\/digitalvision-it.de\/de\/it-solutions\/\">IT-L\u00f6sungen<\/a><\/li>\n<li id=\"menu-item-1078\" class=\"menu-item menu-item-type-post_type menu-item-object-page menu-item-1078\"><a href=\"https:\/\/digitalvision-it.de\/de\/software-development\/\">Software-Entwicklung<\/a><\/li>\n<li id=\"menu-item-5910\" class=\"menu-item menu-item-type-post_type menu-item-object-page menu-item-5910\"><a href=\"https:\/\/digitalvision-it.de\/de\/cyber-security\/\">Internet-Sicherheit<\/a><\/li>\n<li id=\"menu-item-5780\" class=\"menu-item menu-item-type-post_type menu-item-object-page menu-item-5780\"><a href=\"https:\/\/digitalvision-it.de\/de\/qa-testing\/\">QA &amp; Tests<\/a><\/li>\n<li id=\"menu-item-5947\" class=\"menu-item menu-item-type-post_type menu-item-object-page menu-item-5947\"><a href=\"https:\/\/digitalvision-it.de\/de\/databases\/\">Datenbanken<\/a><\/li>\n<li id=\"menu-item-5779\" class=\"menu-item menu-item-type-post_type menu-item-object-page menu-item-5779\"><a href=\"https:\/\/digitalvision-it.de\/de\/project-management\/\">Projektmanagement<\/a><\/li>\n<\/ul><\/div>\t\t\t\t<\/div>\n\t\t\t\t<\/div>\n\t\t\t\t\t<\/div>\n\t\t<\/div>\n\t\t\t\t<div class=\"elementor-column elementor-col-50 elementor-top-column elementor-element elementor-element-2c38fd76\" data-id=\"2c38fd76\" data-element_type=\"column\" data-e-type=\"column\">\n\t\t\t<div class=\"elementor-widget-wrap elementor-element-populated\">\n\t\t\t\t\t\t<div class=\"elementor-element elementor-element-d518323 elementor-widget elementor-widget-heading\" data-id=\"d518323\" data-element_type=\"widget\" data-e-type=\"widget\" data-widget_type=\"heading.default\">\n\t\t\t\t<div class=\"elementor-widget-container\">\n\t\t\t\t\t<h2 class=\"elementor-heading-title elementor-size-default\">Datenbanken<\/h2>\t\t\t\t<\/div>\n\t\t\t\t<\/div>\n\t\t\t\t<div class=\"elementor-element elementor-element-293021f0 elementor-widget elementor-widget-restly_about\" data-id=\"293021f0\" data-element_type=\"widget\" data-e-type=\"widget\" data-widget_type=\"restly_about.default\">\n\t\t\t\t<div class=\"elementor-widget-container\">\n\t\t\t\t\t        <div class=\"restly-about-wrapper\">\r\n            <div class=\"restly-about-content text-left\">\r\n                                <h2 class=\"restly-about-stitle\"><span><\/span><\/h6>\r\n                                <h2 class=\"restly-about-title\"><\/h2>\r\n                <div class=\"restly-about-dec\">\r\n                    <p>Wir helfen Ihnen dabei, die richtige Entscheidungsbasis f\u00fcr Ihre technische und wirtschaftliche Situation zu erarbeiten und unterst\u00fctzt Sie bei der technischen und fachlichen Umsetzung von Softwarel\u00f6sungen.<\/p><ul><li>Datenmanagement<\/li><li>Datenaufbereitung<\/li><li>Business Intelligence<\/li><li>Leistungsoptimierung<\/li><\/ul>                <\/div>\r\n            <\/div>\r\n        <\/div>\r\n        \t\t\t\t<\/div>\n\t\t\t\t<\/div>\n\t\t\t\t<div class=\"elementor-element elementor-element-f4fe09d elementor-widget elementor-widget-heading\" data-id=\"f4fe09d\" data-element_type=\"widget\" data-e-type=\"widget\" data-widget_type=\"heading.default\">\n\t\t\t\t<div class=\"elementor-widget-container\">\n\t\t\t\t\t<h2 class=\"elementor-heading-title elementor-size-default\">Explore our audit &amp; assurance services<\/h2>\t\t\t\t<\/div>\n\t\t\t\t<\/div>\n\t\t\t\t<section class=\"elementor-section elementor-inner-section elementor-element elementor-element-6511d78c elementor-section-boxed elementor-section-height-default elementor-section-height-default\" data-id=\"6511d78c\" data-element_type=\"section\" data-e-type=\"section\">\n\t\t\t\t\t\t<div class=\"elementor-container elementor-column-gap-default\">\n\t\t\t\t\t<div class=\"elementor-column elementor-col-33 elementor-inner-column elementor-element elementor-element-2d673263\" data-id=\"2d673263\" data-element_type=\"column\" data-e-type=\"column\">\n\t\t\t<div class=\"elementor-widget-wrap elementor-element-populated\">\n\t\t\t\t\t\t<div class=\"elementor-element elementor-element-6aa742c1 elementor-widget elementor-widget-service_box\" data-id=\"6aa742c1\" data-element_type=\"widget\" data-e-type=\"widget\" data-widget_type=\"service_box.default\">\n\t\t\t\t<div class=\"elementor-widget-container\">\n\t\t\t\t\t        <div class=\"restly-service-box-wrapper\">\r\n                        <div class=\"restly-service-two-box tran-04\">\r\n                <div class=\"restly-service-two-contents tran-04 service-two-center\">\r\n                    <div class=\"restly-service-two-icon tran-04\">\r\n                                                    <i class=\"ico ico-database\"><\/i>\r\n                                            <\/div>\r\n                    <div class=\"service-two-content tran-04\">\r\n                        <h3 class=\"service-two-title tran-04\">Datenbankverwaltungsdienst<\/h3>\r\n                        <div class=\"service-two-dec tran-04\">\r\n                            <p><\/p>\r\n                        <\/div>\r\n                                            <\/div>\r\n                <\/div>\r\n            <\/div>\r\n                        <\/div>\r\n        \t\t\t\t<\/div>\n\t\t\t\t<\/div>\n\t\t\t\t\t<\/div>\n\t\t<\/div>\n\t\t\t\t<div class=\"elementor-column elementor-col-33 elementor-inner-column elementor-element elementor-element-370fcea4\" data-id=\"370fcea4\" data-element_type=\"column\" data-e-type=\"column\">\n\t\t\t<div class=\"elementor-widget-wrap elementor-element-populated\">\n\t\t\t\t\t\t<div class=\"elementor-element elementor-element-26e192c8 elementor-widget elementor-widget-service_box\" data-id=\"26e192c8\" data-element_type=\"widget\" data-e-type=\"widget\" data-widget_type=\"service_box.default\">\n\t\t\t\t<div class=\"elementor-widget-container\">\n\t\t\t\t\t        <div class=\"restly-service-box-wrapper\">\r\n                        <div class=\"restly-service-two-box tran-04\">\r\n                <div class=\"restly-service-two-contents tran-04 service-two-center\">\r\n                    <div class=\"restly-service-two-icon tran-04\">\r\n                                                    <i class=\"flaticon flaticon-big-data\"><\/i>\r\n                                            <\/div>\r\n                    <div class=\"service-two-content tran-04\">\r\n                        <h3 class=\"service-two-title tran-04\">Data Center<\/h3>\r\n                        <div class=\"service-two-dec tran-04\">\r\n                            <p><\/p>\r\n                        <\/div>\r\n                                            <\/div>\r\n                <\/div>\r\n            <\/div>\r\n                        <\/div>\r\n        \t\t\t\t<\/div>\n\t\t\t\t<\/div>\n\t\t\t\t\t<\/div>\n\t\t<\/div>\n\t\t\t\t<div class=\"elementor-column elementor-col-33 elementor-inner-column elementor-element elementor-element-2f85212a\" data-id=\"2f85212a\" data-element_type=\"column\" data-e-type=\"column\">\n\t\t\t<div class=\"elementor-widget-wrap elementor-element-populated\">\n\t\t\t\t\t\t<div class=\"elementor-element elementor-element-f72592 elementor-widget elementor-widget-service_box\" data-id=\"f72592\" data-element_type=\"widget\" data-e-type=\"widget\" data-widget_type=\"service_box.default\">\n\t\t\t\t<div class=\"elementor-widget-container\">\n\t\t\t\t\t        <div class=\"restly-service-box-wrapper\">\r\n                        <div class=\"restly-service-two-box tran-04\">\r\n                <div class=\"restly-service-two-contents tran-04 service-two-center\">\r\n                    <div class=\"restly-service-two-icon tran-04\">\r\n                                                    <i class=\"flaticon flaticon-data\"><\/i>\r\n                                            <\/div>\r\n                    <div class=\"service-two-content tran-04\">\r\n                        <h3 class=\"service-two-title tran-04\">Cloud-Services<\/h3>\r\n                        <div class=\"service-two-dec tran-04\">\r\n                            <p><\/p>\r\n                        <\/div>\r\n                                            <\/div>\r\n                <\/div>\r\n            <\/div>\r\n                        <\/div>\r\n        \t\t\t\t<\/div>\n\t\t\t\t<\/div>\n\t\t\t\t\t<\/div>\n\t\t<\/div>\n\t\t\t\t\t<\/div>\n\t\t<\/section>\n\t\t\t\t\t<\/div>\n\t\t<\/div>\n\t\t\t\t\t<\/div>\n\t\t<\/section>\n\t\t\t\t<\/div>","protected":false},"excerpt":{"rendered":"<p>Databases We help you to work out the right decision basis for your technical and economic situation and support you in the technical and business implementation of software solutions. Data Management Data Preparation Business Intelligence Performance Optimization Explore our audit &#038; assurance services Database Management Data Center Cloud Services<\/p>","protected":false},"author":1,"featured_media":0,"parent":0,"menu_order":0,"comment_status":"closed","ping_status":"closed","template":"","meta":{"footnotes":""},"class_list":["post-5939","page","type-page","status-publish","hentry"],"yoast_head":"<!-- This site is optimized with the Yoast SEO plugin v27.3 - https:\/\/yoast.com\/product\/yoast-seo-wordpress\/ -->\n<title>Databases - Digital Vision IT<\/title>\n<meta name=\"robots\" content=\"index, follow, max-snippet:-1, max-image-preview:large, max-video-preview:-1\" \/>\n<link rel=\"canonical\" href=\"https:\/\/digitalvision-it.de\/de\/databases\/\" \/>\n<meta property=\"og:locale\" content=\"de_DE\" \/>\n<meta property=\"og:type\" content=\"article\" \/>\n<meta property=\"og:title\" content=\"Databases - Digital Vision IT\" \/>\n<meta property=\"og:description\" content=\"Databases We help you to work out the right decision basis for your technical and economic situation and support you in the technical and business implementation of software solutions. Data Management Data Preparation Business Intelligence Performance Optimization Explore our audit &#038; assurance services Database Management Data Center Cloud Services\" \/>\n<meta property=\"og:url\" content=\"https:\/\/digitalvision-it.de\/de\/databases\/\" \/>\n<meta property=\"og:site_name\" content=\"Digital Vision IT\" \/>\n<meta property=\"article:modified_time\" content=\"2022-07-06T06:36:26+00:00\" \/>\n<meta name=\"twitter:card\" content=\"summary_large_image\" \/>\n<meta name=\"twitter:label1\" content=\"Gesch\u00e4tzte Lesezeit\" \/>\n\t<meta name=\"twitter:data1\" content=\"1\u00a0Minute\" \/>\n<script type=\"application\/ld+json\" class=\"yoast-schema-graph\">{\"@context\":\"https:\\\/\\\/schema.org\",\"@graph\":[{\"@type\":\"WebPage\",\"@id\":\"https:\\\/\\\/digitalvision-it.de\\\/databases\\\/\",\"url\":\"https:\\\/\\\/digitalvision-it.de\\\/databases\\\/\",\"name\":\"Databases - Digital Vision IT\",\"isPartOf\":{\"@id\":\"https:\\\/\\\/digitalvision-it.de\\\/#website\"},\"datePublished\":\"2022-07-06T06:32:46+00:00\",\"dateModified\":\"2022-07-06T06:36:26+00:00\",\"breadcrumb\":{\"@id\":\"https:\\\/\\\/digitalvision-it.de\\\/databases\\\/#breadcrumb\"},\"inLanguage\":\"de\",\"potentialAction\":[{\"@type\":\"ReadAction\",\"target\":[\"https:\\\/\\\/digitalvision-it.de\\\/databases\\\/\"]}]},{\"@type\":\"BreadcrumbList\",\"@id\":\"https:\\\/\\\/digitalvision-it.de\\\/databases\\\/#breadcrumb\",\"itemListElement\":[{\"@type\":\"ListItem\",\"position\":1,\"name\":\"Home\",\"item\":\"https:\\\/\\\/digitalvision-it.de\\\/\"},{\"@type\":\"ListItem\",\"position\":2,\"name\":\"Databases\"}]},{\"@type\":\"WebSite\",\"@id\":\"https:\\\/\\\/digitalvision-it.de\\\/#website\",\"url\":\"https:\\\/\\\/digitalvision-it.de\\\/\",\"name\":\"Digital Vision IT\",\"description\":\"IT consulting for over 15 years.\",\"publisher\":{\"@id\":\"https:\\\/\\\/digitalvision-it.de\\\/#organization\"},\"potentialAction\":[{\"@type\":\"SearchAction\",\"target\":{\"@type\":\"EntryPoint\",\"urlTemplate\":\"https:\\\/\\\/digitalvision-it.de\\\/?s={search_term_string}\"},\"query-input\":{\"@type\":\"PropertyValueSpecification\",\"valueRequired\":true,\"valueName\":\"search_term_string\"}}],\"inLanguage\":\"de\"},{\"@type\":\"Organization\",\"@id\":\"https:\\\/\\\/digitalvision-it.de\\\/#organization\",\"name\":\"Digital Vision IT\",\"url\":\"https:\\\/\\\/digitalvision-it.de\\\/\",\"logo\":{\"@type\":\"ImageObject\",\"inLanguage\":\"de\",\"@id\":\"https:\\\/\\\/digitalvision-it.de\\\/#\\\/schema\\\/logo\\\/image\\\/\",\"url\":\"https:\\\/\\\/digitalvision-it.de\\\/wp-content\\\/uploads\\\/2022\\\/06\\\/Blue-Modern-Digital-Tech-Innovation-Company-Logo2.png\",\"contentUrl\":\"https:\\\/\\\/digitalvision-it.de\\\/wp-content\\\/uploads\\\/2022\\\/06\\\/Blue-Modern-Digital-Tech-Innovation-Company-Logo2.png\",\"width\":350,\"height\":81,\"caption\":\"Digital Vision IT\"},\"image\":{\"@id\":\"https:\\\/\\\/digitalvision-it.de\\\/#\\\/schema\\\/logo\\\/image\\\/\"}}]}<\/script>\n<!-- \/ Yoast SEO plugin. -->","yoast_head_json":{"title":"Databases - Digital Vision IT","robots":{"index":"index","follow":"follow","max-snippet":"max-snippet:-1","max-image-preview":"max-image-preview:large","max-video-preview":"max-video-preview:-1"},"canonical":"https:\/\/digitalvision-it.de\/de\/databases\/","og_locale":"de_DE","og_type":"article","og_title":"Databases - Digital Vision IT","og_description":"Databases We help you to work out the right decision basis for your technical and economic situation and support you in the technical and business implementation of software solutions. Data Management Data Preparation Business Intelligence Performance Optimization Explore our audit &#038; assurance services Database Management Data Center Cloud Services","og_url":"https:\/\/digitalvision-it.de\/de\/databases\/","og_site_name":"Digital Vision IT","article_modified_time":"2022-07-06T06:36:26+00:00","twitter_card":"summary_large_image","twitter_misc":{"Gesch\u00e4tzte Lesezeit":"1\u00a0Minute"},"schema":{"@context":"https:\/\/schema.org","@graph":[{"@type":"WebPage","@id":"https:\/\/digitalvision-it.de\/databases\/","url":"https:\/\/digitalvision-it.de\/databases\/","name":"Databases - Digital Vision IT","isPartOf":{"@id":"https:\/\/digitalvision-it.de\/#website"},"datePublished":"2022-07-06T06:32:46+00:00","dateModified":"2022-07-06T06:36:26+00:00","breadcrumb":{"@id":"https:\/\/digitalvision-it.de\/databases\/#breadcrumb"},"inLanguage":"de","potentialAction":[{"@type":"ReadAction","target":["https:\/\/digitalvision-it.de\/databases\/"]}]},{"@type":"BreadcrumbList","@id":"https:\/\/digitalvision-it.de\/databases\/#breadcrumb","itemListElement":[{"@type":"ListItem","position":1,"name":"Home","item":"https:\/\/digitalvision-it.de\/"},{"@type":"ListItem","position":2,"name":"Databases"}]},{"@type":"WebSite","@id":"https:\/\/digitalvision-it.de\/#website","url":"https:\/\/digitalvision-it.de\/","name":"Digital Vision IT","description":"IT consulting for over 15 years.","publisher":{"@id":"https:\/\/digitalvision-it.de\/#organization"},"potentialAction":[{"@type":"SearchAction","target":{"@type":"EntryPoint","urlTemplate":"https:\/\/digitalvision-it.de\/?s={search_term_string}"},"query-input":{"@type":"PropertyValueSpecification","valueRequired":true,"valueName":"search_term_string"}}],"inLanguage":"de"},{"@type":"Organization","@id":"https:\/\/digitalvision-it.de\/#organization","name":"Digital Vision IT","url":"https:\/\/digitalvision-it.de\/","logo":{"@type":"ImageObject","inLanguage":"de","@id":"https:\/\/digitalvision-it.de\/#\/schema\/logo\/image\/","url":"https:\/\/digitalvision-it.de\/wp-content\/uploads\/2022\/06\/Blue-Modern-Digital-Tech-Innovation-Company-Logo2.png","contentUrl":"https:\/\/digitalvision-it.de\/wp-content\/uploads\/2022\/06\/Blue-Modern-Digital-Tech-Innovation-Company-Logo2.png","width":350,"height":81,"caption":"Digital Vision IT"},"image":{"@id":"https:\/\/digitalvision-it.de\/#\/schema\/logo\/image\/"}}]}},"_links":{"self":[{"href":"https:\/\/digitalvision-it.de\/de\/wp-json\/wp\/v2\/pages\/5939","targetHints":{"allow":["GET"]}}],"collection":[{"href":"https:\/\/digitalvision-it.de\/de\/wp-json\/wp\/v2\/pages"}],"about":[{"href":"https:\/\/digitalvision-it.de\/de\/wp-json\/wp\/v2\/types\/page"}],"author":[{"embeddable":true,"href":"https:\/\/digitalvision-it.de\/de\/wp-json\/wp\/v2\/users\/1"}],"replies":[{"embeddable":true,"href":"https:\/\/digitalvision-it.de\/de\/wp-json\/wp\/v2\/comments?post=5939"}],"version-history":[{"count":7,"href":"https:\/\/digitalvision-it.de\/de\/wp-json\/wp\/v2\/pages\/5939\/revisions"}],"predecessor-version":[{"id":5946,"href":"https:\/\/digitalvision-it.de\/de\/wp-json\/wp\/v2\/pages\/5939\/revisions\/5946"}],"wp:attachment":[{"href":"https:\/\/digitalvision-it.de\/de\/wp-json\/wp\/v2\/media?parent=5939"}],"curies":[{"name":"wp","href":"https:\/\/api.w.org\/{rel}","templated":true}]}}