{"id":5850,"date":"2022-07-05T16:51:17","date_gmt":"2022-07-05T16:51:17","guid":{"rendered":"https:\/\/digitalvision-it.de\/?page_id=5850"},"modified":"2022-07-05T19:58:28","modified_gmt":"2022-07-05T19:58:28","slug":"it-solutions","status":"publish","type":"page","link":"https:\/\/digitalvision-it.de\/de\/it-solutions\/","title":{"rendered":"IT-L\u00f6sungen"},"content":{"rendered":"<div data-elementor-type=\"wp-page\" data-elementor-id=\"5850\" class=\"elementor elementor-5850\">\n\t\t\t\t\t\t<section class=\"elementor-section elementor-top-section elementor-element elementor-element-7cfe3eac elementor-section-boxed elementor-section-height-default elementor-section-height-default\" data-id=\"7cfe3eac\" data-element_type=\"section\" data-e-type=\"section\">\n\t\t\t\t\t\t<div class=\"elementor-container elementor-column-gap-default\">\n\t\t\t\t\t<div class=\"elementor-column elementor-col-50 elementor-top-column elementor-element elementor-element-3d96eb4e\" data-id=\"3d96eb4e\" data-element_type=\"column\" data-e-type=\"column\">\n\t\t\t<div class=\"elementor-widget-wrap elementor-element-populated\">\n\t\t\t\t\t\t<div class=\"elementor-element elementor-element-91c64ee elementor-widget elementor-widget-wp-widget-nav_menu\" data-id=\"91c64ee\" data-element_type=\"widget\" data-e-type=\"widget\" data-widget_type=\"wp-widget-nav_menu.default\">\n\t\t\t\t<div class=\"elementor-widget-container\">\n\t\t\t\t\t<div class=\"menu-service-container\"><ul id=\"menu-service\" class=\"menu\"><li id=\"menu-item-5690\" class=\"menu-item menu-item-type-post_type menu-item-object-page menu-item-5690\"><a href=\"https:\/\/digitalvision-it.de\/de\/service\/\">DevOps<\/a><\/li>\n<li id=\"menu-item-5909\" class=\"menu-item menu-item-type-post_type menu-item-object-page menu-item-5909\"><a href=\"https:\/\/digitalvision-it.de\/de\/it-solutions\/\">IT-L\u00f6sungen<\/a><\/li>\n<li id=\"menu-item-1078\" class=\"menu-item menu-item-type-post_type menu-item-object-page menu-item-1078\"><a href=\"https:\/\/digitalvision-it.de\/de\/software-development\/\">Software-Entwicklung<\/a><\/li>\n<li id=\"menu-item-5910\" class=\"menu-item menu-item-type-post_type menu-item-object-page menu-item-5910\"><a href=\"https:\/\/digitalvision-it.de\/de\/cyber-security\/\">Internet-Sicherheit<\/a><\/li>\n<li id=\"menu-item-5780\" class=\"menu-item menu-item-type-post_type menu-item-object-page menu-item-5780\"><a href=\"https:\/\/digitalvision-it.de\/de\/qa-testing\/\">QA &amp; Tests<\/a><\/li>\n<li id=\"menu-item-5947\" class=\"menu-item menu-item-type-post_type menu-item-object-page menu-item-5947\"><a href=\"https:\/\/digitalvision-it.de\/de\/databases\/\">Datenbanken<\/a><\/li>\n<li id=\"menu-item-5779\" class=\"menu-item menu-item-type-post_type menu-item-object-page menu-item-5779\"><a href=\"https:\/\/digitalvision-it.de\/de\/project-management\/\">Projektmanagement<\/a><\/li>\n<\/ul><\/div>\t\t\t\t<\/div>\n\t\t\t\t<\/div>\n\t\t\t\t\t<\/div>\n\t\t<\/div>\n\t\t\t\t<div class=\"elementor-column elementor-col-50 elementor-top-column elementor-element elementor-element-8a5a5c4\" data-id=\"8a5a5c4\" data-element_type=\"column\" data-e-type=\"column\">\n\t\t\t<div class=\"elementor-widget-wrap elementor-element-populated\">\n\t\t\t\t\t\t<div class=\"elementor-element elementor-element-23e54506 elementor-widget elementor-widget-heading\" data-id=\"23e54506\" data-element_type=\"widget\" data-e-type=\"widget\" data-widget_type=\"heading.default\">\n\t\t\t\t<div class=\"elementor-widget-container\">\n\t\t\t\t\t<h2 class=\"elementor-heading-title elementor-size-default\">IT-L\u00f6sungen<\/h2>\t\t\t\t<\/div>\n\t\t\t\t<\/div>\n\t\t\t\t<div class=\"elementor-element elementor-element-58cc8bc0 elementor-widget elementor-widget-restly_about\" data-id=\"58cc8bc0\" data-element_type=\"widget\" data-e-type=\"widget\" data-widget_type=\"restly_about.default\">\n\t\t\t\t<div class=\"elementor-widget-container\">\n\t\t\t\t\t        <div class=\"restly-about-wrapper\">\r\n            <div class=\"restly-about-content text-left\">\r\n                                <h2 class=\"restly-about-stitle\"><span><\/span><\/h6>\r\n                                <h2 class=\"restly-about-title\"><\/h2>\r\n                <div class=\"restly-about-dec\">\r\n                    <p>Mit unseren IT-Experten und Projektentwicklern wird jede Aufgabe leicht gemacht, wir k\u00f6nnen IT-L\u00f6sungen Peer-to-Peer anbieten, unsere Agenten k\u00f6nnen Ihren Kunden IT-L\u00f6sungen in deutscher und englischer Sprache anbieten, auch unsere Software-Entwickler k\u00f6nnen es um riesige und komplexe Software nach Bedarf zu erstellen.<\/p><ul><li>Mobile App<\/li><li>Dedizierte Entwicklerteams<\/li><li>Produktentwicklung<\/li><li>UX\/UI-Design<\/li><li>IT Beratung<\/li><\/ul>                <\/div>\r\n            <\/div>\r\n        <\/div>\r\n        \t\t\t\t<\/div>\n\t\t\t\t<\/div>\n\t\t\t\t<div class=\"elementor-element elementor-element-2d54aa83 elementor-widget elementor-widget-heading\" data-id=\"2d54aa83\" data-element_type=\"widget\" data-e-type=\"widget\" data-widget_type=\"heading.default\">\n\t\t\t\t<div class=\"elementor-widget-container\">\n\t\t\t\t\t<h2 class=\"elementor-heading-title elementor-size-default\">Explore our audit &amp; assurance services<\/h2>\t\t\t\t<\/div>\n\t\t\t\t<\/div>\n\t\t\t\t<section class=\"elementor-section elementor-inner-section elementor-element elementor-element-6d227849 elementor-section-boxed elementor-section-height-default elementor-section-height-default\" data-id=\"6d227849\" data-element_type=\"section\" data-e-type=\"section\">\n\t\t\t\t\t\t<div class=\"elementor-container elementor-column-gap-default\">\n\t\t\t\t\t<div class=\"elementor-column elementor-col-33 elementor-inner-column elementor-element elementor-element-44b8ab98\" data-id=\"44b8ab98\" data-element_type=\"column\" data-e-type=\"column\">\n\t\t\t<div class=\"elementor-widget-wrap elementor-element-populated\">\n\t\t\t\t\t\t<div class=\"elementor-element elementor-element-30f1eda5 elementor-widget elementor-widget-service_box\" data-id=\"30f1eda5\" data-element_type=\"widget\" data-e-type=\"widget\" data-widget_type=\"service_box.default\">\n\t\t\t\t<div class=\"elementor-widget-container\">\n\t\t\t\t\t        <div class=\"restly-service-box-wrapper\">\r\n                        <div class=\"restly-service-two-box tran-04\">\r\n                <div class=\"restly-service-two-contents tran-04 service-two-center\">\r\n                    <div class=\"restly-service-two-icon tran-04\">\r\n                                                    <i class=\"flaticon flaticon-3d-printing\"><\/i>\r\n                                            <\/div>\r\n                    <div class=\"service-two-content tran-04\">\r\n                        <h3 class=\"service-two-title tran-04\">Produktservice<\/h3>\r\n                        <div class=\"service-two-dec tran-04\">\r\n                            <p><\/p>\r\n                        <\/div>\r\n                                            <\/div>\r\n                <\/div>\r\n            <\/div>\r\n                        <\/div>\r\n        \t\t\t\t<\/div>\n\t\t\t\t<\/div>\n\t\t\t\t\t<\/div>\n\t\t<\/div>\n\t\t\t\t<div class=\"elementor-column elementor-col-33 elementor-inner-column elementor-element elementor-element-498e85dc\" data-id=\"498e85dc\" data-element_type=\"column\" data-e-type=\"column\">\n\t\t\t<div class=\"elementor-widget-wrap elementor-element-populated\">\n\t\t\t\t\t\t<div class=\"elementor-element elementor-element-7ef63fdd elementor-widget elementor-widget-service_box\" data-id=\"7ef63fdd\" data-element_type=\"widget\" data-e-type=\"widget\" data-widget_type=\"service_box.default\">\n\t\t\t\t<div class=\"elementor-widget-container\">\n\t\t\t\t\t        <div class=\"restly-service-box-wrapper\">\r\n                        <div class=\"restly-service-two-box tran-04\">\r\n                <div class=\"restly-service-two-contents tran-04 service-two-center\">\r\n                    <div class=\"restly-service-two-icon tran-04\">\r\n                                                    <i class=\"flaticon flaticon-analysis\"><\/i>\r\n                                            <\/div>\r\n                    <div class=\"service-two-content tran-04\">\r\n                        <h3 class=\"service-two-title tran-04\">Cloud-Services<\/h3>\r\n                        <div class=\"service-two-dec tran-04\">\r\n                            <p><\/p>\r\n                        <\/div>\r\n                                            <\/div>\r\n                <\/div>\r\n            <\/div>\r\n                        <\/div>\r\n        \t\t\t\t<\/div>\n\t\t\t\t<\/div>\n\t\t\t\t\t<\/div>\n\t\t<\/div>\n\t\t\t\t<div class=\"elementor-column elementor-col-33 elementor-inner-column elementor-element elementor-element-24824020\" data-id=\"24824020\" data-element_type=\"column\" data-e-type=\"column\">\n\t\t\t<div class=\"elementor-widget-wrap elementor-element-populated\">\n\t\t\t\t\t\t<div class=\"elementor-element elementor-element-423e5b17 elementor-widget elementor-widget-service_box\" data-id=\"423e5b17\" data-element_type=\"widget\" data-e-type=\"widget\" data-widget_type=\"service_box.default\">\n\t\t\t\t<div class=\"elementor-widget-container\">\n\t\t\t\t\t        <div class=\"restly-service-box-wrapper\">\r\n                        <div class=\"restly-service-two-box tran-04\">\r\n                <div class=\"restly-service-two-contents tran-04 service-two-center\">\r\n                    <div class=\"restly-service-two-icon tran-04\">\r\n                                                    <i class=\"flaticon flaticon-design-process\"><\/i>\r\n                                            <\/div>\r\n                    <div class=\"service-two-content tran-04\">\r\n                        <h3 class=\"service-two-title tran-04\">Data Center<\/h3>\r\n                        <div class=\"service-two-dec tran-04\">\r\n                            <p><\/p>\r\n                        <\/div>\r\n                                            <\/div>\r\n                <\/div>\r\n            <\/div>\r\n                        <\/div>\r\n        \t\t\t\t<\/div>\n\t\t\t\t<\/div>\n\t\t\t\t\t<\/div>\n\t\t<\/div>\n\t\t\t\t\t<\/div>\n\t\t<\/section>\n\t\t\t\t\t<\/div>\n\t\t<\/div>\n\t\t\t\t\t<\/div>\n\t\t<\/section>\n\t\t\t\t<\/div>","protected":false},"excerpt":{"rendered":"<p>IT Solutions With our IT experts and Project developers every task is made easy, we can offer direct It solutions peer to peer, our agents will be able to offer It solutions to your clients in German And English language, also out Software Developers will be able to create huge and complex software as you [&hellip;]<\/p>\n","protected":false},"author":1,"featured_media":0,"parent":0,"menu_order":0,"comment_status":"closed","ping_status":"closed","template":"","meta":{"footnotes":""},"class_list":["post-5850","page","type-page","status-publish","hentry"],"yoast_head":"<!-- This site is optimized with the Yoast SEO plugin v27.3 - https:\/\/yoast.com\/product\/yoast-seo-wordpress\/ -->\n<title>IT Solutions - Digital Vision IT<\/title>\n<meta name=\"robots\" content=\"index, follow, max-snippet:-1, max-image-preview:large, max-video-preview:-1\" \/>\n<link rel=\"canonical\" href=\"https:\/\/digitalvision-it.de\/de\/it-solutions\/\" \/>\n<meta property=\"og:locale\" content=\"de_DE\" \/>\n<meta property=\"og:type\" content=\"article\" \/>\n<meta property=\"og:title\" content=\"IT Solutions - Digital Vision IT\" \/>\n<meta property=\"og:description\" content=\"IT Solutions With our IT experts and Project developers every task is made easy, we can offer direct It solutions peer to peer, our agents will be able to offer It solutions to your clients in German And English language, also out Software Developers will be able to create huge and complex software as you [&hellip;]\" \/>\n<meta property=\"og:url\" content=\"https:\/\/digitalvision-it.de\/de\/it-solutions\/\" \/>\n<meta property=\"og:site_name\" content=\"Digital Vision IT\" \/>\n<meta property=\"article:modified_time\" content=\"2022-07-05T19:58:28+00:00\" \/>\n<meta name=\"twitter:card\" content=\"summary_large_image\" \/>\n<meta name=\"twitter:label1\" content=\"Gesch\u00e4tzte Lesezeit\" \/>\n\t<meta name=\"twitter:data1\" content=\"1\u00a0Minute\" \/>\n<script type=\"application\/ld+json\" class=\"yoast-schema-graph\">{\"@context\":\"https:\\\/\\\/schema.org\",\"@graph\":[{\"@type\":\"WebPage\",\"@id\":\"https:\\\/\\\/digitalvision-it.de\\\/it-solutions\\\/\",\"url\":\"https:\\\/\\\/digitalvision-it.de\\\/it-solutions\\\/\",\"name\":\"IT Solutions - Digital Vision IT\",\"isPartOf\":{\"@id\":\"https:\\\/\\\/digitalvision-it.de\\\/#website\"},\"datePublished\":\"2022-07-05T16:51:17+00:00\",\"dateModified\":\"2022-07-05T19:58:28+00:00\",\"breadcrumb\":{\"@id\":\"https:\\\/\\\/digitalvision-it.de\\\/it-solutions\\\/#breadcrumb\"},\"inLanguage\":\"de\",\"potentialAction\":[{\"@type\":\"ReadAction\",\"target\":[\"https:\\\/\\\/digitalvision-it.de\\\/it-solutions\\\/\"]}]},{\"@type\":\"BreadcrumbList\",\"@id\":\"https:\\\/\\\/digitalvision-it.de\\\/it-solutions\\\/#breadcrumb\",\"itemListElement\":[{\"@type\":\"ListItem\",\"position\":1,\"name\":\"Home\",\"item\":\"https:\\\/\\\/digitalvision-it.de\\\/\"},{\"@type\":\"ListItem\",\"position\":2,\"name\":\"IT Solutions\"}]},{\"@type\":\"WebSite\",\"@id\":\"https:\\\/\\\/digitalvision-it.de\\\/#website\",\"url\":\"https:\\\/\\\/digitalvision-it.de\\\/\",\"name\":\"Digital Vision IT\",\"description\":\"IT consulting for over 15 years.\",\"publisher\":{\"@id\":\"https:\\\/\\\/digitalvision-it.de\\\/#organization\"},\"potentialAction\":[{\"@type\":\"SearchAction\",\"target\":{\"@type\":\"EntryPoint\",\"urlTemplate\":\"https:\\\/\\\/digitalvision-it.de\\\/?s={search_term_string}\"},\"query-input\":{\"@type\":\"PropertyValueSpecification\",\"valueRequired\":true,\"valueName\":\"search_term_string\"}}],\"inLanguage\":\"de\"},{\"@type\":\"Organization\",\"@id\":\"https:\\\/\\\/digitalvision-it.de\\\/#organization\",\"name\":\"Digital Vision IT\",\"url\":\"https:\\\/\\\/digitalvision-it.de\\\/\",\"logo\":{\"@type\":\"ImageObject\",\"inLanguage\":\"de\",\"@id\":\"https:\\\/\\\/digitalvision-it.de\\\/#\\\/schema\\\/logo\\\/image\\\/\",\"url\":\"https:\\\/\\\/digitalvision-it.de\\\/wp-content\\\/uploads\\\/2022\\\/06\\\/Blue-Modern-Digital-Tech-Innovation-Company-Logo2.png\",\"contentUrl\":\"https:\\\/\\\/digitalvision-it.de\\\/wp-content\\\/uploads\\\/2022\\\/06\\\/Blue-Modern-Digital-Tech-Innovation-Company-Logo2.png\",\"width\":350,\"height\":81,\"caption\":\"Digital Vision IT\"},\"image\":{\"@id\":\"https:\\\/\\\/digitalvision-it.de\\\/#\\\/schema\\\/logo\\\/image\\\/\"}}]}<\/script>\n<!-- \/ Yoast SEO plugin. -->","yoast_head_json":{"title":"IT Solutions - Digital Vision IT","robots":{"index":"index","follow":"follow","max-snippet":"max-snippet:-1","max-image-preview":"max-image-preview:large","max-video-preview":"max-video-preview:-1"},"canonical":"https:\/\/digitalvision-it.de\/de\/it-solutions\/","og_locale":"de_DE","og_type":"article","og_title":"IT Solutions - Digital Vision IT","og_description":"IT Solutions With our IT experts and Project developers every task is made easy, we can offer direct It solutions peer to peer, our agents will be able to offer It solutions to your clients in German And English language, also out Software Developers will be able to create huge and complex software as you [&hellip;]","og_url":"https:\/\/digitalvision-it.de\/de\/it-solutions\/","og_site_name":"Digital Vision IT","article_modified_time":"2022-07-05T19:58:28+00:00","twitter_card":"summary_large_image","twitter_misc":{"Gesch\u00e4tzte Lesezeit":"1\u00a0Minute"},"schema":{"@context":"https:\/\/schema.org","@graph":[{"@type":"WebPage","@id":"https:\/\/digitalvision-it.de\/it-solutions\/","url":"https:\/\/digitalvision-it.de\/it-solutions\/","name":"IT Solutions - Digital Vision IT","isPartOf":{"@id":"https:\/\/digitalvision-it.de\/#website"},"datePublished":"2022-07-05T16:51:17+00:00","dateModified":"2022-07-05T19:58:28+00:00","breadcrumb":{"@id":"https:\/\/digitalvision-it.de\/it-solutions\/#breadcrumb"},"inLanguage":"de","potentialAction":[{"@type":"ReadAction","target":["https:\/\/digitalvision-it.de\/it-solutions\/"]}]},{"@type":"BreadcrumbList","@id":"https:\/\/digitalvision-it.de\/it-solutions\/#breadcrumb","itemListElement":[{"@type":"ListItem","position":1,"name":"Home","item":"https:\/\/digitalvision-it.de\/"},{"@type":"ListItem","position":2,"name":"IT Solutions"}]},{"@type":"WebSite","@id":"https:\/\/digitalvision-it.de\/#website","url":"https:\/\/digitalvision-it.de\/","name":"Digital Vision IT","description":"IT consulting for over 15 years.","publisher":{"@id":"https:\/\/digitalvision-it.de\/#organization"},"potentialAction":[{"@type":"SearchAction","target":{"@type":"EntryPoint","urlTemplate":"https:\/\/digitalvision-it.de\/?s={search_term_string}"},"query-input":{"@type":"PropertyValueSpecification","valueRequired":true,"valueName":"search_term_string"}}],"inLanguage":"de"},{"@type":"Organization","@id":"https:\/\/digitalvision-it.de\/#organization","name":"Digital Vision IT","url":"https:\/\/digitalvision-it.de\/","logo":{"@type":"ImageObject","inLanguage":"de","@id":"https:\/\/digitalvision-it.de\/#\/schema\/logo\/image\/","url":"https:\/\/digitalvision-it.de\/wp-content\/uploads\/2022\/06\/Blue-Modern-Digital-Tech-Innovation-Company-Logo2.png","contentUrl":"https:\/\/digitalvision-it.de\/wp-content\/uploads\/2022\/06\/Blue-Modern-Digital-Tech-Innovation-Company-Logo2.png","width":350,"height":81,"caption":"Digital Vision IT"},"image":{"@id":"https:\/\/digitalvision-it.de\/#\/schema\/logo\/image\/"}}]}},"_links":{"self":[{"href":"https:\/\/digitalvision-it.de\/de\/wp-json\/wp\/v2\/pages\/5850","targetHints":{"allow":["GET"]}}],"collection":[{"href":"https:\/\/digitalvision-it.de\/de\/wp-json\/wp\/v2\/pages"}],"about":[{"href":"https:\/\/digitalvision-it.de\/de\/wp-json\/wp\/v2\/types\/page"}],"author":[{"embeddable":true,"href":"https:\/\/digitalvision-it.de\/de\/wp-json\/wp\/v2\/users\/1"}],"replies":[{"embeddable":true,"href":"https:\/\/digitalvision-it.de\/de\/wp-json\/wp\/v2\/comments?post=5850"}],"version-history":[{"count":10,"href":"https:\/\/digitalvision-it.de\/de\/wp-json\/wp\/v2\/pages\/5850\/revisions"}],"predecessor-version":[{"id":5884,"href":"https:\/\/digitalvision-it.de\/de\/wp-json\/wp\/v2\/pages\/5850\/revisions\/5884"}],"wp:attachment":[{"href":"https:\/\/digitalvision-it.de\/de\/wp-json\/wp\/v2\/media?parent=5850"}],"curies":[{"name":"wp","href":"https:\/\/api.w.org\/{rel}","templated":true}]}}